{"id":583,"date":"2026-02-19T12:42:00","date_gmt":"2026-02-19T12:42:00","guid":{"rendered":"https:\/\/kzenconsulting.fr\/?page_id=583"},"modified":"2026-02-24T12:44:27","modified_gmt":"2026-02-24T12:44:27","slug":"service_page","status":"publish","type":"page","link":"https:\/\/kzenconsulting.fr\/fr\/service_page\/","title":{"rendered":"Service_Page"},"content":{"rendered":"<div data-elementor-type=\"wp-page\" data-elementor-id=\"583\" class=\"elementor elementor-583\">\n\t\t\t\t<div class=\"elementor-element elementor-element-ca21046 e-con-full e-flex e-con e-parent\" data-id=\"ca21046\" data-element_type=\"container\" data-e-type=\"container\" data-settings=\"{&quot;background_background&quot;:&quot;classic&quot;}\">\n\t\t\t\t<div class=\"elementor-element elementor-element-1f42279 elementor-widget elementor-widget-heading\" data-id=\"1f42279\" data-element_type=\"widget\" data-e-type=\"widget\" data-widget_type=\"heading.default\">\n\t\t\t\t\t<h2 class=\"elementor-heading-title elementor-size-default\">Services<\/h2>\t\t\t\t<\/div>\n\t\t\t\t<\/div>\n\t\t<div class=\"elementor-element elementor-element-83d99d4 e-flex e-con-boxed e-con e-parent\" data-id=\"83d99d4\" data-element_type=\"container\" data-e-type=\"container\" data-settings=\"{&quot;background_background&quot;:&quot;classic&quot;}\">\n\t\t\t\t\t<div class=\"e-con-inner\">\n\t\t<div class=\"elementor-element elementor-element-d5344d7 e-con-full e-flex e-con e-child\" data-id=\"d5344d7\" data-element_type=\"container\" data-e-type=\"container\">\n\t\t\t\t<div class=\"elementor-element elementor-element-24dc1ea elementor-widget elementor-widget-heading\" data-id=\"24dc1ea\" data-element_type=\"widget\" data-e-type=\"widget\" data-widget_type=\"heading.default\">\n\t\t\t\t\t<h2 class=\"elementor-heading-title elementor-size-default\">Services\n<\/h2>\t\t\t\t<\/div>\n\t\t\t\t<\/div>\n\t\t<div class=\"elementor-element elementor-element-2cb423d e-con-full e-grid e-con e-child\" data-id=\"2cb423d\" data-element_type=\"container\" data-e-type=\"container\">\n\t\t<div class=\"elementor-element elementor-element-5c6a16e e-con-full e-flex e-con e-child\" data-id=\"5c6a16e\" data-element_type=\"container\" data-e-type=\"container\" data-settings=\"{&quot;background_background&quot;:&quot;classic&quot;}\">\n\t\t\t\t<div class=\"elementor-element elementor-element-fe94369 elementor-position-inline-end elementor-mobile-position-block-start elementor-view-default elementor-widget elementor-widget-icon-box\" data-id=\"fe94369\" data-element_type=\"widget\" data-e-type=\"widget\" data-widget_type=\"icon-box.default\">\n\t\t\t\t\t\t\t<div class=\"elementor-icon-box-wrapper\">\n\n\t\t\t\t\t\t<div class=\"elementor-icon-box-icon\">\n\t\t\t\t<span  class=\"elementor-icon\">\n\t\t\t\t<svg aria-hidden=\"true\" class=\"e-font-icon-svg e-fas-laptop-code\" viewbox=\"0 0 640 512\" xmlns=\"http:\/\/www.w3.org\/2000\/svg\"><path d=\"M255.03 261.65c6.25 6.25 16.38 6.25 22.63 0l11.31-11.31c6.25-6.25 6.25-16.38 0-22.63L253.25 192l35.71-35.72c6.25-6.25 6.25-16.38 0-22.63l-11.31-11.31c-6.25-6.25-16.38-6.25-22.63 0l-58.34 58.34c-6.25 6.25-6.25 16.38 0 22.63l58.35 58.34zm96.01-11.3l11.31 11.31c6.25 6.25 16.38 6.25 22.63 0l58.34-58.34c6.25-6.25 6.25-16.38 0-22.63l-58.34-58.34c-6.25-6.25-16.38-6.25-22.63 0l-11.31 11.31c-6.25 6.25-6.25 16.38 0 22.63L386.75 192l-35.71 35.72c-6.25 6.25-6.25 16.38 0 22.63zM624 416H381.54c-.74 19.81-14.71 32-32.74 32H288c-18.69 0-33.02-17.47-32.77-32H16c-8.8 0-16 7.2-16 16v16c0 35.2 28.8 64 64 64h512c35.2 0 64-28.8 64-64v-16c0-8.8-7.2-16-16-16zM576 48c0-26.4-21.6-48-48-48H112C85.6 0 64 21.6 64 48v336h512V48zm-64 272H128V64h384v256z\"><\/path><\/svg>\t\t\t\t<\/span>\n\t\t\t<\/div>\n\t\t\t\n\t\t\t\t\t\t<div class=\"elementor-icon-box-content\">\n\n\t\t\t\t\t\t\t\t\t<h3 class=\"elementor-icon-box-title\">\n\t\t\t\t\t\t<span  >\n\t\t\t\t\t\t\tD\u00e9veloppement Web\t\t\t\t\t\t<\/span>\n\t\t\t\t\t<\/h3>\n\t\t\t\t\n\t\t\t\t\t\t\t\t\t<p class=\"elementor-icon-box-description\">\n\t\t\t\t\t\tNous concevons et d\u00e9veloppons des sites web rapides, s\u00e9curis\u00e9s et \u00e9volutifs qui offrent une excellente exp\u00e9rience utilisateur et soutiennent la croissance de votre entreprise.\t\t\t\t\t<\/p>\n\t\t\t\t\n\t\t\t<\/div>\n\t\t\t\n\t\t<\/div>\n\t\t\t\t\t\t<\/div>\n\t\t\t\t<\/div>\n\t\t<div class=\"elementor-element elementor-element-7b1aa23 e-con-full e-flex e-con e-child\" data-id=\"7b1aa23\" data-element_type=\"container\" data-e-type=\"container\">\n\t\t\t\t<div class=\"elementor-element elementor-element-ec5f86d elementor-position-inline-end elementor-mobile-position-block-start elementor-view-default elementor-widget elementor-widget-icon-box\" data-id=\"ec5f86d\" data-element_type=\"widget\" data-e-type=\"widget\" data-widget_type=\"icon-box.default\">\n\t\t\t\t\t\t\t<div class=\"elementor-icon-box-wrapper\">\n\n\t\t\t\t\t\t<div class=\"elementor-icon-box-icon\">\n\t\t\t\t<span  class=\"elementor-icon\">\n\t\t\t\t<svg aria-hidden=\"true\" class=\"e-font-icon-svg e-fas-mobile-alt\" viewbox=\"0 0 320 512\" xmlns=\"http:\/\/www.w3.org\/2000\/svg\"><path d=\"M272 0H48C21.5 0 0 21.5 0 48v416c0 26.5 21.5 48 48 48h224c26.5 0 48-21.5 48-48V48c0-26.5-21.5-48-48-48zM160 480c-17.7 0-32-14.3-32-32s14.3-32 32-32 32 14.3 32 32-14.3 32-32 32zm112-108c0 6.6-5.4 12-12 12H60c-6.6 0-12-5.4-12-12V60c0-6.6 5.4-12 12-12h200c6.6 0 12 5.4 12 12v312z\"><\/path><\/svg>\t\t\t\t<\/span>\n\t\t\t<\/div>\n\t\t\t\n\t\t\t\t\t\t<div class=\"elementor-icon-box-content\">\n\n\t\t\t\t\t\t\t\t\t<h3 class=\"elementor-icon-box-title\">\n\t\t\t\t\t\t<span  >\n\t\t\t\t\t\t\tD\u00e9veloppement d'applications mobiles\t\t\t\t\t\t<\/span>\n\t\t\t\t\t<\/h3>\n\t\t\t\t\n\t\t\t\t\t\t\t\t\t<p class=\"elementor-icon-box-description\">\n\t\t\t\t\t\tNous d\u00e9veloppons des applications mobiles conviviales et performantes pour Android et iOS, ax\u00e9es sur l'utilisabilit\u00e9, la performance et les r\u00e9sultats commerciaux.\t\t\t\t\t<\/p>\n\t\t\t\t\n\t\t\t<\/div>\n\t\t\t\n\t\t<\/div>\n\t\t\t\t\t\t<\/div>\n\t\t\t\t<\/div>\n\t\t<div class=\"elementor-element elementor-element-afe1b69 e-con-full e-flex e-con e-child\" data-id=\"afe1b69\" data-element_type=\"container\" data-e-type=\"container\" data-settings=\"{&quot;background_background&quot;:&quot;classic&quot;}\">\n\t\t\t\t<div class=\"elementor-element elementor-element-65e254d elementor-position-inline-end elementor-mobile-position-block-start elementor-view-default elementor-widget elementor-widget-icon-box\" data-id=\"65e254d\" data-element_type=\"widget\" data-e-type=\"widget\" data-widget_type=\"icon-box.default\">\n\t\t\t\t\t\t\t<div class=\"elementor-icon-box-wrapper\">\n\n\t\t\t\t\t\t<div class=\"elementor-icon-box-icon\">\n\t\t\t\t<span  class=\"elementor-icon\">\n\t\t\t\t<svg aria-hidden=\"true\" class=\"e-font-icon-svg e-fas-pen-nib\" viewbox=\"0 0 512 512\" xmlns=\"http:\/\/www.w3.org\/2000\/svg\"><path d=\"M136.6 138.79a64.003 64.003 0 0 0-43.31 41.35L0 460l14.69 14.69L164.8 324.58c-2.99-6.26-4.8-13.18-4.8-20.58 0-26.51 21.49-48 48-48s48 21.49 48 48-21.49 48-48 48c-7.4 0-14.32-1.81-20.58-4.8L37.31 497.31 52 512l279.86-93.29a64.003 64.003 0 0 0 41.35-43.31L416 224 288 96l-151.4 42.79zm361.34-64.62l-60.11-60.11c-18.75-18.75-49.16-18.75-67.91 0l-56.55 56.55 128.02 128.02 56.55-56.55c18.75-18.75 18.75-49.15 0-67.91z\"><\/path><\/svg>\t\t\t\t<\/span>\n\t\t\t<\/div>\n\t\t\t\n\t\t\t\t\t\t<div class=\"elementor-icon-box-content\">\n\n\t\t\t\t\t\t\t\t\t<h3 class=\"elementor-icon-box-title\">\n\t\t\t\t\t\t<span  >\n\t\t\t\t\t\t\tSolutions de donn\u00e9es et d'IA\t\t\t\t\t\t<\/span>\n\t\t\t\t\t<\/h3>\n\t\t\t\t\n\t\t\t\t\t\t\t\t\t<p class=\"elementor-icon-box-description\">\n\t\t\t\t\t\tNous aidons les entreprises \u00e0 exploiter la puissance des donn\u00e9es gr\u00e2ce \u00e0 des solutions d'ing\u00e9nierie de donn\u00e9es, d'analyse et d'IA pour des d\u00e9cisions plus intelligentes et une automatisation accrue.\t\t\t\t\t<\/p>\n\t\t\t\t\n\t\t\t<\/div>\n\t\t\t\n\t\t<\/div>\n\t\t\t\t\t\t<\/div>\n\t\t\t\t<\/div>\n\t\t<div class=\"elementor-element elementor-element-02d40bc e-con-full e-flex e-con e-child\" data-id=\"02d40bc\" data-element_type=\"container\" data-e-type=\"container\">\n\t\t\t\t<div class=\"elementor-element elementor-element-308ba8c elementor-position-inline-end elementor-mobile-position-block-start elementor-view-default elementor-widget elementor-widget-icon-box\" data-id=\"308ba8c\" data-element_type=\"widget\" data-e-type=\"widget\" data-widget_type=\"icon-box.default\">\n\t\t\t\t\t\t\t<div class=\"elementor-icon-box-wrapper\">\n\n\t\t\t\t\t\t<div class=\"elementor-icon-box-icon\">\n\t\t\t\t<span  class=\"elementor-icon\">\n\t\t\t\t<svg aria-hidden=\"true\" class=\"e-font-icon-svg e-fab-mixcloud\" viewbox=\"0 0 640 512\" xmlns=\"http:\/\/www.w3.org\/2000\/svg\"><path d=\"M424.43 219.729C416.124 134.727 344.135 68 256.919 68c-72.266 0-136.224 46.516-159.205 114.074-54.545 8.029-96.63 54.822-96.63 111.582 0 62.298 50.668 112.966 113.243 112.966h289.614c52.329 0 94.969-42.362 94.969-94.693 0-45.131-32.118-83.063-74.48-92.2zm-20.489 144.53H114.327c-39.04 0-70.881-31.564-70.881-70.604s31.841-70.604 70.881-70.604c18.827 0 36.548 7.475 49.838 20.766 19.963 19.963 50.133-10.227 30.18-30.18-14.675-14.398-32.672-24.365-52.053-29.349 19.935-44.3 64.79-73.926 114.628-73.926 69.496 0 125.979 56.483 125.979 125.702 0 13.568-2.215 26.857-6.369 39.594-8.943 27.517 32.133 38.939 40.147 13.29 2.769-8.306 4.984-16.889 6.369-25.472 19.381 7.476 33.502 26.303 33.502 48.453 0 28.795-23.535 52.33-52.607 52.33zm235.069-52.33c0 44.024-12.737 86.386-37.102 122.657-4.153 6.092-10.798 9.414-17.72 9.414-16.317 0-27.127-18.826-17.443-32.949 19.381-29.349 29.903-63.682 29.903-99.122s-10.521-69.773-29.903-98.845c-15.655-22.831 19.361-47.24 35.163-23.534 24.366 35.993 37.102 78.356 37.102 122.379zm-70.88 0c0 31.565-9.137 62.021-26.857 88.325-4.153 6.091-10.798 9.136-17.72 9.136-17.201 0-27.022-18.979-17.443-32.948 13.013-19.104 19.658-41.255 19.658-64.513 0-22.981-6.645-45.408-19.658-64.512-15.761-22.986 19.008-47.095 35.163-23.535 17.719 26.026 26.857 56.483 26.857 88.047z\"><\/path><\/svg>\t\t\t\t<\/span>\n\t\t\t<\/div>\n\t\t\t\n\t\t\t\t\t\t<div class=\"elementor-icon-box-content\">\n\n\t\t\t\t\t\t\t\t\t<h3 class=\"elementor-icon-box-title\">\n\t\t\t\t\t\t<span  >\n\t\t\t\t\t\t\tSolutions Cloud\t\t\t\t\t\t<\/span>\n\t\t\t\t\t<\/h3>\n\t\t\t\t\n\t\t\t\t\t\t\t\t\t<p class=\"elementor-icon-box-description\">\n\t\t\t\t\t\tNous fournissons des services de conseil, de migration et de gestion dans le cloud pour construire une infrastructure cloud s\u00e9curis\u00e9e, \u00e9volutive et rentable.\t\t\t\t\t<\/p>\n\t\t\t\t\n\t\t\t<\/div>\n\t\t\t\n\t\t<\/div>\n\t\t\t\t\t\t<\/div>\n\t\t\t\t<\/div>\n\t\t<div class=\"elementor-element elementor-element-78f94a6 e-con-full e-flex e-con e-child\" data-id=\"78f94a6\" data-element_type=\"container\" data-e-type=\"container\">\n\t\t\t\t<div class=\"elementor-element elementor-element-add0153 elementor-position-inline-end elementor-mobile-position-block-start elementor-view-default elementor-widget elementor-widget-icon-box\" data-id=\"add0153\" data-element_type=\"widget\" data-e-type=\"widget\" data-widget_type=\"icon-box.default\">\n\t\t\t\t\t\t\t<div class=\"elementor-icon-box-wrapper\">\n\n\t\t\t\t\t\t<div class=\"elementor-icon-box-icon\">\n\t\t\t\t<span  class=\"elementor-icon\">\n\t\t\t\t<svg aria-hidden=\"true\" class=\"e-font-icon-svg e-far-file-code\" viewbox=\"0 0 384 512\" xmlns=\"http:\/\/www.w3.org\/2000\/svg\"><path d=\"M149.9 349.1l-.2-.2-32.8-28.9 32.8-28.9c3.6-3.2 4-8.8.8-12.4l-.2-.2-17.4-18.6c-3.4-3.6-9-3.7-12.4-.4l-57.7 54.1c-3.7 3.5-3.7 9.4 0 12.8l57.7 54.1c1.6 1.5 3.8 2.4 6 2.4 2.4 0 4.8-1 6.4-2.8l17.4-18.6c3.3-3.5 3.1-9.1-.4-12.4zm220-251.2L286 14C277 5 264.8-.1 252.1-.1H48C21.5 0 0 21.5 0 48v416c0 26.5 21.5 48 48 48h288c26.5 0 48-21.5 48-48V131.9c0-12.7-5.1-25-14.1-34zM256 51.9l76.1 76.1H256zM336 464H48V48h160v104c0 13.3 10.7 24 24 24h104zM209.6 214c-4.7-1.4-9.5 1.3-10.9 6L144 408.1c-1.4 4.7 1.3 9.6 6 10.9l24.4 7.1c4.7 1.4 9.6-1.4 10.9-6L240 231.9c1.4-4.7-1.3-9.6-6-10.9zm24.5 76.9l.2.2 32.8 28.9-32.8 28.9c-3.6 3.2-4 8.8-.8 12.4l.2.2 17.4 18.6c3.3 3.5 8.9 3.7 12.4.4l57.7-54.1c3.7-3.5 3.7-9.4 0-12.8l-57.7-54.1c-3.5-3.3-9.1-3.2-12.4.4l-17.4 18.6c-3.3 3.5-3.1 9.1.4 12.4z\"><\/path><\/svg>\t\t\t\t<\/span>\n\t\t\t<\/div>\n\t\t\t\n\t\t\t\t\t\t<div class=\"elementor-icon-box-content\">\n\n\t\t\t\t\t\t\t\t\t<h3 class=\"elementor-icon-box-title\">\n\t\t\t\t\t\t<span  >\n\t\t\t\t\t\t\tD\u00e9veloppement de logiciels\t\t\t\t\t\t<\/span>\n\t\t\t\t\t<\/h3>\n\t\t\t\t\n\t\t\t\t\t\t\t\t\t<p class=\"elementor-icon-box-description\">\n\t\t\t\t\t\tNous d\u00e9veloppons des solutions logicielles personnalis\u00e9es, adapt\u00e9es aux besoins de votre entreprise, garantissant flexibilit\u00e9, performance et \u00e9volutivit\u00e9 \u00e0 long terme.\t\t\t\t\t<\/p>\n\t\t\t\t\n\t\t\t<\/div>\n\t\t\t\n\t\t<\/div>\n\t\t\t\t\t\t<\/div>\n\t\t\t\t<\/div>\n\t\t<div class=\"elementor-element elementor-element-4617a16 e-con-full e-flex e-con e-child\" data-id=\"4617a16\" data-element_type=\"container\" data-e-type=\"container\">\n\t\t\t\t<div class=\"elementor-element elementor-element-fbd1504 elementor-position-inline-end elementor-mobile-position-block-start elementor-view-default elementor-widget elementor-widget-icon-box\" data-id=\"fbd1504\" data-element_type=\"widget\" data-e-type=\"widget\" data-widget_type=\"icon-box.default\">\n\t\t\t\t\t\t\t<div class=\"elementor-icon-box-wrapper\">\n\n\t\t\t\t\t\t<div class=\"elementor-icon-box-icon\">\n\t\t\t\t<span  class=\"elementor-icon\">\n\t\t\t\t<svg aria-hidden=\"true\" class=\"e-font-icon-svg e-fas-infinity\" viewbox=\"0 0 640 512\" xmlns=\"http:\/\/www.w3.org\/2000\/svg\"><path d=\"M471.1 96C405 96 353.3 137.3 320 174.6 286.7 137.3 235 96 168.9 96 75.8 96 0 167.8 0 256s75.8 160 168.9 160c66.1 0 117.8-41.3 151.1-78.6 33.3 37.3 85 78.6 151.1 78.6 93.1 0 168.9-71.8 168.9-160S564.2 96 471.1 96zM168.9 320c-40.2 0-72.9-28.7-72.9-64s32.7-64 72.9-64c38.2 0 73.4 36.1 94 64-20.4 27.6-55.9 64-94 64zm302.2 0c-38.2 0-73.4-36.1-94-64 20.4-27.6 55.9-64 94-64 40.2 0 72.9 28.7 72.9 64s-32.7 64-72.9 64z\"><\/path><\/svg>\t\t\t\t<\/span>\n\t\t\t<\/div>\n\t\t\t\n\t\t\t\t\t\t<div class=\"elementor-icon-box-content\">\n\n\t\t\t\t\t\t\t\t\t<h3 class=\"elementor-icon-box-title\">\n\t\t\t\t\t\t<span  >\n\t\t\t\t\t\t\tConseil et support en informatique\t\t\t\t\t\t<\/span>\n\t\t\t\t\t<\/h3>\n\t\t\t\t\n\t\t\t\t\t\t\t\t\t<p class=\"elementor-icon-box-description\">\n\t\t\t\t\t\tNous proposons des services de conseil informatique experts et un soutien continu pour optimiser les syst\u00e8mes, am\u00e9liorer les performances et assurer des op\u00e9rations technologiques fiables.\t\t\t\t\t<\/p>\n\t\t\t\t\n\t\t\t<\/div>\n\t\t\t\n\t\t<\/div>\n\t\t\t\t\t\t<\/div>\n\t\t\t\t<\/div>\n\t\t\t\t<\/div>\n\t\t\t\t\t<\/div>\n\t\t\t\t<\/div>\n\t\t\t\t<\/div>","protected":false},"excerpt":{"rendered":"<p>Services Services Web Development We design and develop fast, secure, and scalable websites that deliver great user experience and support your business growth. Mobile App Development We build user-friendly and high-performance mobile apps for Android and iOS, focused on usability, performance, and business outcomes. Data &amp; AI Solutions We help businesses unlock the power of&#8230;<\/p>","protected":false},"author":1,"featured_media":0,"parent":0,"menu_order":0,"comment_status":"closed","ping_status":"closed","template":"","meta":{"_kadence_starter_templates_imported_post":false,"_kad_post_transparent":"","_kad_post_title":"hide","_kad_post_layout":"fullwidth","_kad_post_sidebar_id":"","_kad_post_content_style":"unboxed","_kad_post_vertical_padding":"hide","_kad_post_feature":"hide","_kad_post_feature_position":"","_kad_post_header":false,"_kad_post_footer":false,"footnotes":""},"class_list":["post-583","page","type-page","status-publish","hentry"],"_links":{"self":[{"href":"https:\/\/kzenconsulting.fr\/fr\/wp-json\/wp\/v2\/pages\/583","targetHints":{"allow":["GET"]}}],"collection":[{"href":"https:\/\/kzenconsulting.fr\/fr\/wp-json\/wp\/v2\/pages"}],"about":[{"href":"https:\/\/kzenconsulting.fr\/fr\/wp-json\/wp\/v2\/types\/page"}],"author":[{"embeddable":true,"href":"https:\/\/kzenconsulting.fr\/fr\/wp-json\/wp\/v2\/users\/1"}],"replies":[{"embeddable":true,"href":"https:\/\/kzenconsulting.fr\/fr\/wp-json\/wp\/v2\/comments?post=583"}],"version-history":[{"count":13,"href":"https:\/\/kzenconsulting.fr\/fr\/wp-json\/wp\/v2\/pages\/583\/revisions"}],"predecessor-version":[{"id":728,"href":"https:\/\/kzenconsulting.fr\/fr\/wp-json\/wp\/v2\/pages\/583\/revisions\/728"}],"wp:attachment":[{"href":"https:\/\/kzenconsulting.fr\/fr\/wp-json\/wp\/v2\/media?parent=583"}],"curies":[{"name":"wp","href":"https:\/\/api.w.org\/{rel}","templated":true}]}}