{"id":158,"date":"2025-08-05T09:15:50","date_gmt":"2025-08-05T09:15:50","guid":{"rendered":"http:\/\/localhost\/kayod_Project\/?page_id=158"},"modified":"2026-02-20T07:06:56","modified_gmt":"2026-02-20T07:06:56","slug":"about-us","status":"publish","type":"page","link":"https:\/\/kzenconsulting.fr\/fr\/about-us\/","title":{"rendered":"About us"},"content":{"rendered":"<div data-elementor-type=\"wp-page\" data-elementor-id=\"158\" class=\"elementor elementor-158\">\n\t\t\t\t<div class=\"elementor-element elementor-element-e7cd8d0 e-con-full e-flex e-con e-parent\" data-id=\"e7cd8d0\" data-element_type=\"container\" data-e-type=\"container\" data-settings=\"{&quot;background_background&quot;:&quot;classic&quot;}\">\n\t\t\t\t<div class=\"elementor-element elementor-element-357fcaa elementor-widget elementor-widget-heading\" data-id=\"357fcaa\" data-element_type=\"widget\" data-e-type=\"widget\" data-widget_type=\"heading.default\">\n\t\t\t\t\t<h2 class=\"elementor-heading-title elementor-size-default\">\u00c0 propos de nous<\/h2>\t\t\t\t<\/div>\n\t\t\t\t<\/div>\n\t\t<div class=\"elementor-element elementor-element-b009003 e-con-full e-flex e-con e-parent\" data-id=\"b009003\" data-element_type=\"container\" data-e-type=\"container\">\n\t\t\t\t<div class=\"elementor-element elementor-element-47b2ec8 elementor-widget elementor-widget-text-editor\" data-id=\"47b2ec8\" data-element_type=\"widget\" data-e-type=\"widget\" data-widget_type=\"text-editor.default\">\n\t\t\t\t\t\t\t\t\t<p>KZEN Consulting est une soci\u00e9t\u00e9 de conseil en logiciels et technologies bas\u00e9e en France, dont la mission est d'aider les entreprises \u00e0 concevoir, construire et faire \u00e9voluer des solutions num\u00e9riques modernes. De l'ing\u00e9nierie de produits aux plateformes de donn\u00e9es et aux syst\u00e8mes bas\u00e9s sur l'IA, nous collaborons avec des startups et des entreprises pour transformer les id\u00e9es en technologies fiables et performantes.<\/p>\t\t\t\t\t\t\t\t<\/div>\n\t\t\t\t<div class=\"elementor-element elementor-element-dbbf744 elementor-widget elementor-widget-text-editor\" data-id=\"dbbf744\" data-element_type=\"widget\" data-e-type=\"widget\" data-widget_type=\"text-editor.default\">\n\t\t\t\t\t\t\t\t\t<p>Bas\u00e9e en France, notre \u00e9quipe allie expertise technique et compr\u00e9hension des affaires pour fournir des applications \u00e9volutives, des architectures cloud natives et des solutions de donn\u00e9es intelligentes qui g\u00e9n\u00e8rent des r\u00e9sultats quantifiables. Nous nous concentrons sur la construction de syst\u00e8mes qui sont non seulement techniquement robustes, mais \u00e9galement align\u00e9s sur les objectifs de croissance et d'innovation \u00e0 long terme de nos clients.<\/p>\t\t\t\t\t\t\t\t<\/div>\n\t\t\t\t<div class=\"elementor-element elementor-element-6b7d4e3 elementor-widget elementor-widget-text-editor\" data-id=\"6b7d4e3\" data-element_type=\"widget\" data-e-type=\"widget\" data-widget_type=\"text-editor.default\">\n\t\t\t\t\t\t\t\t\t<p>Chez KZEN Consulting, nous croyons en une approche pratique et collaborative, travaillant en \u00e9troite collaboration avec nos clients, de la strat\u00e9gie \u00e0 la mise en \u0153uvre, afin de garantir que les solutions sont livr\u00e9es dans les d\u00e9lais, dans le respect du budget et qu'elles sont con\u00e7ues pour \u00e9voluer.<\/p>\t\t\t\t\t\t\t\t<\/div>\n\t\t\t\t<\/div>\n\t\t\t\t<\/div>","protected":false},"excerpt":{"rendered":"<p>About US KZEN Consulting is a France-based software and technology consulting company dedicated to helping businesses design, build, and scale modern digital solutions. From product engineering to data platforms and AI-driven systems, we partner with startups and enterprises to turn ideas into reliable, high-performance technology. Based in France, our team combines technical expertise with business&#8230;<\/p>","protected":false},"author":1,"featured_media":0,"parent":0,"menu_order":0,"comment_status":"closed","ping_status":"closed","template":"","meta":{"_kadence_starter_templates_imported_post":false,"_kad_post_transparent":"","_kad_post_title":"hide","_kad_post_layout":"fullwidth","_kad_post_sidebar_id":"","_kad_post_content_style":"unboxed","_kad_post_vertical_padding":"hide","_kad_post_feature":"hide","_kad_post_feature_position":"","_kad_post_header":false,"_kad_post_footer":false,"footnotes":""},"class_list":["post-158","page","type-page","status-publish","hentry"],"_links":{"self":[{"href":"https:\/\/kzenconsulting.fr\/fr\/wp-json\/wp\/v2\/pages\/158","targetHints":{"allow":["GET"]}}],"collection":[{"href":"https:\/\/kzenconsulting.fr\/fr\/wp-json\/wp\/v2\/pages"}],"about":[{"href":"https:\/\/kzenconsulting.fr\/fr\/wp-json\/wp\/v2\/types\/page"}],"author":[{"embeddable":true,"href":"https:\/\/kzenconsulting.fr\/fr\/wp-json\/wp\/v2\/users\/1"}],"replies":[{"embeddable":true,"href":"https:\/\/kzenconsulting.fr\/fr\/wp-json\/wp\/v2\/comments?post=158"}],"version-history":[{"count":28,"href":"https:\/\/kzenconsulting.fr\/fr\/wp-json\/wp\/v2\/pages\/158\/revisions"}],"predecessor-version":[{"id":618,"href":"https:\/\/kzenconsulting.fr\/fr\/wp-json\/wp\/v2\/pages\/158\/revisions\/618"}],"wp:attachment":[{"href":"https:\/\/kzenconsulting.fr\/fr\/wp-json\/wp\/v2\/media?parent=158"}],"curies":[{"name":"wp","href":"https:\/\/api.w.org\/{rel}","templated":true}]}}